{"id":430,"date":"2022-06-21T14:44:38","date_gmt":"2022-06-21T13:44:38","guid":{"rendered":"https:\/\/website.algarveda.com\/?page_id=430"},"modified":"2025-03-24T11:16:39","modified_gmt":"2025-03-24T11:16:39","slug":"ayurveda","status":"publish","type":"page","link":"https:\/\/algarveda.com\/de\/ayurveda\/","title":{"rendered":"Ayurveda"},"content":{"rendered":"<div class=\"wp-block-cover alignfull\" style=\"min-height:550px;aspect-ratio:unset;\"><span aria-hidden=\"true\" class=\"wp-block-cover__background has-background-dim-100 has-background-dim wp-block-cover__gradient-background has-background-gradient\" style=\"background:linear-gradient(180deg,rgba(105,72,8,0.57) 33%,rgb(255,255,255) 100%)\"><\/span><img loading=\"lazy\" decoding=\"async\" width=\"626\" height=\"415\" class=\"wp-block-cover__image-background wp-image-3851\" alt=\"\" src=\"https:\/\/algarveda.com\/wp-content\/uploads\/2022\/08\/oil-massage.jpg\" data-object-fit=\"cover\" srcset=\"https:\/\/algarveda.com\/wp-content\/uploads\/2022\/08\/oil-massage.jpg 626w, https:\/\/algarveda.com\/wp-content\/uploads\/2022\/08\/oil-massage-300x199.jpg 300w, https:\/\/algarveda.com\/wp-content\/uploads\/2022\/08\/oil-massage-18x12.jpg 18w\" sizes=\"auto, (max-width: 626px) 100vw, 626px\" \/><div class=\"wp-block-cover__inner-container is-layout-flow wp-block-cover-is-layout-flow\">\n<h2 class=\"wp-block-heading has-text-align-center h2_text_shadow has-nv-text-dark-bg-color has-text-color\" id=\"ayurveda\">Ayurveda<\/h2>\n<\/div><\/div>\n\n\n\n<div class=\"wp-block-group alignfull has-white-background-color has-background\"><div class=\"wp-block-group__inner-container is-layout-flow wp-block-group-is-layout-flow\">\n<div class=\"wp-block-media-text has-media-on-the-right is-stacked-on-mobile is-vertically-aligned-center alignwide\" style=\"grid-template-columns:auto 44%\"><div class=\"wp-block-media-text__content\">\n<h3 class=\"wp-block-heading has-neve-link-color-color has-text-color\" id=\"ayurvedic-medicine\">Ayurveda Medizin<\/h3>\n\n\n\n<p><strong>Die Ayurveda-Medizin ist die traditionelle Heilkunst S\u00fcdasiens. W\u00f6rtlich \u00fcbersetzt bedeutet der Begriff Ayurveda \"Wissen vom Leben\".<\/strong><\/p>\n\n\n\n<p>Als ganzheitliches Medizinsystem ist Ayurveda stark auf den einzelnen Menschen ausgerichtet. So kann das Therapiekonzept bei zwei verschiedenen Menschen mit einer \u00e4hnlichen Erkrankung sehr unterschiedlich ausfallen. Hier spielt die Konstitutionsanalyse eine wesentliche Rolle. Auch das Arbeiten mit individuell erstellten Behandlungspl\u00e4nen unterscheidet die Ayurveda-Medizin wesentlich von anderen bekannten Medizinsystemen. Das ganzheitliche Konzept der ayurvedischen Medizin zeigt gute klinische Ergebnisse bei chronischen und funktionellen Erkrankungen. Dies wird sowohl durch praktische Erfahrungen als auch durch eine Vielzahl von Studien best\u00e4tigt.<\/p>\n<\/div><figure class=\"wp-block-media-text__media\"><img loading=\"lazy\" decoding=\"async\" width=\"300\" height=\"198\" src=\"http:\/\/website.algarveda.com\/wp-content\/uploads\/2022\/06\/img-oil-treatment.png\" alt=\"\" class=\"wp-image-445 size-full\" srcset=\"https:\/\/algarveda.com\/wp-content\/uploads\/2022\/06\/img-oil-treatment.png 300w, https:\/\/algarveda.com\/wp-content\/uploads\/2022\/06\/img-oil-treatment-18x12.png 18w\" sizes=\"auto, (max-width: 300px) 100vw, 300px\" \/><\/figure><\/div>\n<\/div><\/div>\n\n\n\n<div class=\"wp-block-group alignfull ghostkit-custom-Z2gvUoi has-ast-global-color-4-background-color has-background\"><div class=\"wp-block-group__inner-container is-layout-flow wp-block-group-is-layout-flow\"><\/div><\/div>\n\n\n\n<div class=\"wp-block-group alignfull has-ast-global-color-5-background-color has-background\"><div class=\"wp-block-group__inner-container is-layout-flow wp-block-group-is-layout-flow\">\n<h4 class=\"wp-block-heading has-text-align-center has-neve-link-color-color has-text-color\" id=\"upcoming-ayurveda-retreats\">Anstehende Ayurveda Kuren<\/h4>\n\n\n\n<div class=\"wp-block-columns alignwide is-layout-flex wp-container-core-columns-is-layout-9d6595d7 wp-block-columns-is-layout-flex\">\n<div class=\"wp-block-column is-layout-flow wp-block-column-is-layout-flow\"><div class=\"wp-block-image\">\n<figure class=\"aligncenter size-full\"><img loading=\"lazy\" decoding=\"async\" width=\"626\" height=\"415\" src=\"https:\/\/algarveda.com\/wp-content\/uploads\/2022\/12\/11-Days-Ayurveda-Intensive-Retreat-with-Panchakarma-Elements.jpg\" alt=\"\" class=\"wp-image-4129\" srcset=\"https:\/\/algarveda.com\/wp-content\/uploads\/2022\/12\/11-Days-Ayurveda-Intensive-Retreat-with-Panchakarma-Elements.jpg 626w, https:\/\/algarveda.com\/wp-content\/uploads\/2022\/12\/11-Days-Ayurveda-Intensive-Retreat-with-Panchakarma-Elements-300x199.jpg 300w, https:\/\/algarveda.com\/wp-content\/uploads\/2022\/12\/11-Days-Ayurveda-Intensive-Retreat-with-Panchakarma-Elements-18x12.jpg 18w\" sizes=\"auto, (max-width: 626px) 100vw, 626px\" \/><\/figure>\n<\/div>\n\n\n<h5 class=\"wp-block-heading has-text-align-center has-neve-link-color-color has-text-color\" id=\"17th-27th-of-may-2026\">1<a href=\"https:\/\/algarveda.com\/de\/panchakarma-yoga-retreats\/\" title=\"Panchakarma Yoga Kur an der Algarve\"><strong>7th &#8211; 27th of May 2026<\/strong><\/a><\/h5>\n\n\n\n<p class=\"has-text-align-center\">11 t\u00e4gige Panchakarma Kur an der Algarve zum Entgiften und Aufladen, zur Vorbeugung oder Heilung von Krankheiten und zur allgemeinen Regeneration.<\/p>\n\n\n\n<div class=\"wp-block-buttons is-horizontal is-content-justification-center is-layout-flex wp-container-core-buttons-is-layout-499968f5 wp-block-buttons-is-layout-flex\">\n<div class=\"wp-block-button is-style-primary\"><a class=\"wp-block-button__link wp-element-button\" href=\"https:\/\/algarveda.com\/de\/ayurveda-retreat-26-at-the-algarve\/\">Erfahre mehr \u00bb<\/a><\/div>\n<\/div>\n<\/div>\n<\/div>\n<\/div><\/div>\n\n\n\n<div style=\"height:100px\" aria-hidden=\"true\" class=\"wp-block-spacer\"><\/div>\n\n\n\n<div class=\"wp-block-cover alignfull is-light has-parallax ghostkit-custom-xi4vP\" style=\"min-height:600px;aspect-ratio:unset;\"><span aria-hidden=\"true\" class=\"wp-block-cover__background has-background-dim-10 has-background-dim\" style=\"background-color:#000000\"><\/span><div class=\"wp-block-cover__image-background wp-image-36 has-parallax\" style=\"background-position:50% 50%;background-image:url(http:\/\/website.algarveda.com\/wp-content\/uploads\/2022\/05\/DSC04696-scaled.jpg)\"><\/div><div class=\"wp-block-cover__inner-container is-layout-flow wp-block-cover-is-layout-flow\">\n<div class=\"wp-block-columns alignwide are-vertically-aligned-center ghostkit-custom-Z1Yy4PG is-layout-flex wp-container-core-columns-is-layout-9d6595d7 wp-block-columns-is-layout-flex\">\n<div class=\"wp-block-column is-vertically-aligned-center ghostkit-custom-Z2iITIr is-layout-flow wp-block-column-is-layout-flow\"><div class=\"wp-block-image ghostkit-custom-Z1Hf2sb\">\n<figure class=\"aligncenter size-full\"><img loading=\"lazy\" decoding=\"async\" width=\"420\" height=\"420\" src=\"http:\/\/website.algarveda.com\/wp-content\/uploads\/2022\/06\/Dr._med._Farnaz_Fahimi-web-small.jpg\" alt=\"\" class=\"wp-image-112\" srcset=\"https:\/\/algarveda.com\/wp-content\/uploads\/2022\/06\/Dr._med._Farnaz_Fahimi-web-small.jpg 420w, https:\/\/algarveda.com\/wp-content\/uploads\/2022\/06\/Dr._med._Farnaz_Fahimi-web-small-300x300.jpg 300w, https:\/\/algarveda.com\/wp-content\/uploads\/2022\/06\/Dr._med._Farnaz_Fahimi-web-small-150x150.jpg 150w\" sizes=\"auto, (max-width: 420px) 100vw, 420px\" \/><\/figure>\n<\/div>\n\n\n<div style=\"height:33px\" aria-hidden=\"true\" class=\"wp-block-spacer\"><\/div>\n\n\n\n<div class=\"ghostkit-button-wrapper ghostkit-button-wrapper-gap-md ghostkit-button-wrapper-align-center\"><div class=\"ghostkit-button-wrapper-inner\">\n<span class=\"ghostkit-button ghostkit-button-md ghostkit-custom-1VuPr1 popmake-578\"><span class=\"ghostkit-button-text\"><strong><strong>Mehr Informationen anfragen \u00bb<\/strong><\/strong><\/span><\/span>\n<\/div><\/div>\n\n\n\n<div class=\"ghostkit-button-wrapper ghostkit-button-wrapper-gap-md\"><div class=\"ghostkit-button-wrapper-inner\">\n<span class=\"ghostkit-button ghostkit-button-md\"><span class=\"ghostkit-button-text\">Button<\/span><\/span>\n<\/div><\/div>\n<\/div>\n\n\n\n<div class=\"wp-block-column is-vertically-aligned-center ghostkit-custom-1aPHnb is-layout-flow wp-block-column-is-layout-flow\">\n<h2 class=\"wp-block-heading has-nv-text-dark-bg-color has-text-color\" id=\"an-ayurveda-consultation-includes\">Eine Ayurveda-Konsultation enth\u00e4lt:<\/h2>\n\n\n\n<ol class=\"wp-block-list has-nv-site-bg-color has-text-color\">\n<li>Eine ausf\u00fchrliche Erhebung des Ist-Zustandes unter Ber\u00fccksichtigung aktueller Beschwerden, Vorerkrankungen und der allgemeinen Lebensumst\u00e4nde<\/li>\n\n\n\n<li>Eine Analyse der individuellen Konstitution<br>Diagnose von Puls, Zunge, Gesicht und K\u00f6rper<\/li>\n\n\n\n<li>Besprechung der Ergebnisse und des weiteren Vorgehens<br><\/li>\n\n\n\n<li>Erstellung eines individuellen Plans zur \u00c4nderung der Lebens- und Ern\u00e4hrungsweise, manualtherapeutische Anwendungen, ggf. Entgiftungsma\u00dfnahmen und individuelle Yoga\u00fcbungen<br><\/li>\n\n\n\n<li>Dauer: ca. 1 Stunde<\/li>\n<\/ol>\n<\/div>\n<\/div>\n<\/div><\/div>\n\n\n\n<div class=\"wp-block-group alignfull has-white-background-color has-background\"><div class=\"wp-block-group__inner-container is-layout-flow wp-block-group-is-layout-flow\">\n<div class=\"wp-block-columns alignwide is-layout-flex wp-container-core-columns-is-layout-9d6595d7 wp-block-columns-is-layout-flex\">\n<div class=\"wp-block-column is-vertically-aligned-top is-layout-flow wp-block-column-is-layout-flow\" style=\"flex-basis:50%\">\n<h2 class=\"wp-block-heading ghostkit-custom-Z201r8L\" id=\"dosha-functioning-principles\">Dosha-Funktionsprinzipien<\/h2>\n\n\n\n<p><strong>Wie funktioniert Ayurveda genau?<\/strong><\/p>\n\n\n\n<p>Um die Konstitution des Patienten zu ermitteln, ist neben einer umfassenden Anamnese eine ausf\u00fchrliche klinische Untersuchung (einschlie\u00dflich Puls- und Zungendiagnose) erforderlich.<\/p>\n\n\n\n<p>Die individuellen Merkmale des Patienten werden unter Ber\u00fccksichtigung einer Vielzahl von Einflussfaktoren erfasst. Die Bestimmung der Pathologie und Konstitution wird haupts\u00e4chlich in den sogenannten Dosha-Verh\u00e4ltnissen diagnostiziert. <\/p>\n\n\n\n<p>Diese zentralen Dosha-Wirkprinzipien werden Vata, Pitta und Kapha genannt. Jeder Mensch hat ein individuelles Dosha-Verh\u00e4ltnis. Wenn diese urspr\u00fcngliche Dosha-Struktur in ihrem harmonischen Gleichgewicht ist, befindet sich der Mensch in einem gesunden Allgemeinzustand.<\/p>\n\n\n\n<div class=\"wp-block-buttons is-layout-flex wp-block-buttons-is-layout-flex\"><\/div>\n<\/div>\n\n\n\n<div class=\"wp-block-column is-vertically-aligned-center is-layout-flow wp-block-column-is-layout-flow\" style=\"flex-basis:50%\"><div class=\"wp-block-image ghostkit-custom-Z27DhzW\">\n<figure class=\"aligncenter size-full is-resized\"><img loading=\"lazy\" decoding=\"async\" width=\"392\" height=\"395\" src=\"http:\/\/website.algarveda.com\/wp-content\/uploads\/2022\/06\/doshas.gif\" alt=\"\" class=\"wp-image-455\" style=\"width:438px;height:441px\"\/><figcaption class=\"wp-element-caption\">Die drei Funktionsprinzipien des Ayurveda (Doshas). Vata, Pitta und Kapha.<\/figcaption><\/figure>\n<\/div><\/div>\n<\/div>\n<\/div><\/div>\n\n\n\n<div class=\"wp-block-cover alignfull is-light\" style=\"min-height:750px;aspect-ratio:unset;\"><span aria-hidden=\"true\" class=\"wp-block-cover__background has-background-dim\" style=\"background-color:#000000\"><\/span><img loading=\"lazy\" decoding=\"async\" width=\"979\" height=\"652\" class=\"wp-block-cover__image-background wp-image-4134\" alt=\"\" src=\"https:\/\/algarveda.com\/wp-content\/uploads\/2022\/12\/silhouette-young-woman.jpg\" data-object-fit=\"cover\" srcset=\"https:\/\/algarveda.com\/wp-content\/uploads\/2022\/12\/silhouette-young-woman.jpg 979w, https:\/\/algarveda.com\/wp-content\/uploads\/2022\/12\/silhouette-young-woman-300x200.jpg 300w, https:\/\/algarveda.com\/wp-content\/uploads\/2022\/12\/silhouette-young-woman-768x511.jpg 768w, https:\/\/algarveda.com\/wp-content\/uploads\/2022\/12\/silhouette-young-woman-18x12.jpg 18w, https:\/\/algarveda.com\/wp-content\/uploads\/2022\/12\/silhouette-young-woman-930x620.jpg 930w\" sizes=\"auto, (max-width: 979px) 100vw, 979px\" \/><div class=\"wp-block-cover__inner-container is-layout-flow wp-block-cover-is-layout-flow\">\n<h3 class=\"wp-block-heading has-text-align-center h2_text_shadow ghostkit-custom-nou5U has-nv-site-bg-color has-text-color\" id=\"come-in-harmony-with-your-nature\">Komm in Einklang mit deiner Natur<\/h3>\n\n\n\n<div class=\"ghostkit-button-wrapper ghostkit-button-wrapper-gap-md ghostkit-button-wrapper-align-center\"><div class=\"ghostkit-button-wrapper-inner\">\n<span class=\"ghostkit-button ghostkit-button-md ghostkit-custom-1VuPr1 popmake-578\"><span class=\"ghostkit-button-text\"><strong><strong>Mehr Informationen anfragen \u00bb<\/strong><\/strong><\/span><\/span>\n<\/div><\/div>\n\n\n\n<div class=\"ghostkit-button-wrapper ghostkit-button-wrapper-gap-lg ghostkit-button-wrapper-align-center popmake-578 ghostkit-custom-Z232iNG\"><div class=\"ghostkit-button-wrapper-inner\">\n<span class=\"ghostkit-button ghostkit-button-md\"><span class=\"ghostkit-button-text\">Button<\/span><\/span>\n<\/div><\/div>\n\n\n\n<div class=\"wp-block-buttons popmake-578 is-horizontal is-content-justification-center is-layout-flex wp-container-core-buttons-is-layout-499968f5 wp-block-buttons-is-layout-flex\"><\/div>\n<\/div><\/div>","protected":false},"excerpt":{"rendered":"<p>Ayurvedic medicine Ayurveda medicine is the traditional healing art of South Asia. Literally translated the term Ayurveda means \u201cknowledge of life\u201d. As a holistic medical system, Ayurveda is strongly focused on the individual person. For example, the therapy concept can be very different for two different people with a similar illness. Here the constitution analysis&hellip;&nbsp;<a href=\"https:\/\/algarveda.com\/de\/ayurveda\/\" class=\"\" rel=\"bookmark\">Weiterlesen &raquo;<span class=\"screen-reader-text\">Ayurveda<\/span><\/a><\/p>","protected":false},"author":3,"featured_media":0,"parent":0,"menu_order":0,"comment_status":"closed","ping_status":"closed","template":"template-page-builder-no-sidebar.php","meta":{"ghostkit_customizer_options":"","ghostkit_custom_css":"","ghostkit_custom_js_head":"","ghostkit_custom_js_foot":"","ghostkit_typography":"","_mi_skip_tracking":false,"neve_meta_sidebar":"","neve_meta_container":"","neve_meta_enable_content_width":"","neve_meta_content_width":0,"neve_meta_title_alignment":"","neve_meta_author_avatar":"","neve_post_elements_order":"","neve_meta_disable_header":"","neve_meta_disable_footer":"","neve_meta_disable_title":"","footnotes":""},"class_list":["post-430","page","type-page","status-publish","hentry"],"aioseo_notices":[],"_links":{"self":[{"href":"https:\/\/algarveda.com\/de\/wp-json\/wp\/v2\/pages\/430","targetHints":{"allow":["GET"]}}],"collection":[{"href":"https:\/\/algarveda.com\/de\/wp-json\/wp\/v2\/pages"}],"about":[{"href":"https:\/\/algarveda.com\/de\/wp-json\/wp\/v2\/types\/page"}],"author":[{"embeddable":true,"href":"https:\/\/algarveda.com\/de\/wp-json\/wp\/v2\/users\/3"}],"replies":[{"embeddable":true,"href":"https:\/\/algarveda.com\/de\/wp-json\/wp\/v2\/comments?post=430"}],"version-history":[{"count":10,"href":"https:\/\/algarveda.com\/de\/wp-json\/wp\/v2\/pages\/430\/revisions"}],"predecessor-version":[{"id":5859,"href":"https:\/\/algarveda.com\/de\/wp-json\/wp\/v2\/pages\/430\/revisions\/5859"}],"wp:attachment":[{"href":"https:\/\/algarveda.com\/de\/wp-json\/wp\/v2\/media?parent=430"}],"curies":[{"name":"wp","href":"https:\/\/api.w.org\/{rel}","templated":true}]}}