{"id":22,"date":"2022-05-29T20:14:45","date_gmt":"2022-05-29T18:14:45","guid":{"rendered":"https:\/\/website.algarveda.com\/?page_id=22"},"modified":"2026-02-03T18:48:09","modified_gmt":"2026-02-03T18:48:09","slug":"ayurveda-%c2%b7-natural-health-%c2%b7-medicine-%c2%b7-algarve","status":"publish","type":"page","link":"https:\/\/algarveda.com\/de\/","title":{"rendered":"Ayurveda \u00b7 Naturheilkunde \u00b7 Medizin \u00b7 Algarve"},"content":{"rendered":"<div class=\"wp-block-cover alignfull has-custom-content-position is-position-top-center ghostkit-custom-1gCmdO\" style=\"min-height:600px;aspect-ratio:unset;\"><img loading=\"lazy\" decoding=\"async\" width=\"1600\" height=\"900\" class=\"wp-block-cover__image-background wp-image-3012\" alt=\"\" src=\"http:\/\/website.algarveda.com\/wp-content\/uploads\/2022\/07\/amoreira-beach-walk-1.jpg\" style=\"object-position:64% 96%\" data-object-fit=\"cover\" data-object-position=\"64% 96%\" srcset=\"https:\/\/algarveda.com\/wp-content\/uploads\/2022\/07\/amoreira-beach-walk-1.jpg 1600w, https:\/\/algarveda.com\/wp-content\/uploads\/2022\/07\/amoreira-beach-walk-1-300x169.jpg 300w, https:\/\/algarveda.com\/wp-content\/uploads\/2022\/07\/amoreira-beach-walk-1-1024x576.jpg 1024w, https:\/\/algarveda.com\/wp-content\/uploads\/2022\/07\/amoreira-beach-walk-1-768x432.jpg 768w, https:\/\/algarveda.com\/wp-content\/uploads\/2022\/07\/amoreira-beach-walk-1-1536x864.jpg 1536w, https:\/\/algarveda.com\/wp-content\/uploads\/2022\/07\/amoreira-beach-walk-1-18x10.jpg 18w\" sizes=\"auto, (max-width: 1600px) 100vw, 1600px\" \/><span aria-hidden=\"true\" class=\"wp-block-cover__background has-background-dim-100 has-background-dim wp-block-cover__gradient-background has-background-gradient\" style=\"background:linear-gradient(180deg,rgba(255,255,255,0) 42%,rgb(255,255,255) 100%)\"><\/span><div class=\"wp-block-cover__inner-container is-layout-flow wp-block-cover-is-layout-flow\">\n<div style=\"height:121px\" aria-hidden=\"true\" class=\"wp-block-spacer ghostkit-custom-2w8gYp\"><\/div>\n\n\n\n<h2 class=\"wp-block-heading has-text-align-center ghostkit-custom-Z1R8iHB h2_text_shadow has-nv-site-bg-color has-text-color\" id=\"how-to-come-in-harmony-with-your-nature-using-an-holistic-approach\">Wie Du in Einklang kommst mit deiner Natur <br>mit ganzheitlichem Ansatz<\/h2>\n\n\n\n<div style=\"height:27px\" aria-hidden=\"true\" class=\"wp-block-spacer ghostkit-custom-oCPEh ghostkit-d-md-none\"><\/div>\n\n\n\n<div style=\"height:31px\" aria-hidden=\"true\" class=\"wp-block-spacer ghostkit-custom-Z1S6yR5\"><\/div>\n\n\n\n<p class=\"has-text-align-center ghostkit-custom-2hmdtU h2_text_shadow subtitle_format has-nv-light-bg-color has-text-color\"><strong><em>\"Wir helfen Menschen gesundheitliche Probleme zu l\u00f6sen,<\/em><br><em>durch Naturheilkunde, Ayurveda und Mind-Body Medizin.\"<\/em><\/strong><\/p>\n\n\n\n<p class=\"has-text-align-center ghostkit-custom-cE3TJ h2_text_shadow subtitle_format subsub has-nv-light-bg-color has-text-color\">Algarveda Team mit Maria Peres, Ayurveda Therapeutin &amp;<br>Dr. med. Farnaz Fahimi, Fach\u00e4rztin f\u00fcr Naturheikunde am Kontonsspital St. Gallen, CH<\/p>\n<\/div><\/div>\n\n\n\n<div class=\"ghostkit-button-wrapper ghostkit-button-wrapper-gap-md ghostkit-button-wrapper-align-center ghostkit-custom-2kuMN5\"><div class=\"ghostkit-button-wrapper-inner\">\n<span class=\"ghostkit-button ghostkit-button-md popmake-578 ghostkit-custom-1VuPr1\"><span class=\"ghostkit-button-text\"><strong>Mehr Informationen anfragen \u00bb<\/strong><\/span><\/span>\n<\/div><\/div>\n\n\n\n<div class=\"wp-block-group alignfull ghostkit-custom-2mzzJw has-ast-global-color-4-background-color has-background\"><div class=\"wp-block-group__inner-container is-layout-flow wp-block-group-is-layout-flow\">\n<div class=\"wp-block-columns alignwide ghostkit-custom-1uGVRN is-layout-flex wp-container-core-columns-is-layout-9d6595d7 wp-block-columns-is-layout-flex\">\n<div class=\"wp-block-column is-layout-flow wp-block-column-is-layout-flow\">\n<h1 class=\"wp-block-heading ghostkit-custom-Z15YY0V has-neve-link-color-color has-text-color\" id=\"ayurveda-at-the-algarve\">Ayurveda an der Algarve<\/h1>\n\n\n\n<p><strong>Mitten in einem Naturreservat in der N\u00e4he von Aljezur bietet Algarveda ein einzigartiges Panchakarma, Ayurveda-Intensiv und Mind-Body-Medizin Programm an.<\/strong><\/p>\n\n\n\n<p>Diese pers\u00f6nliche Begleitung ist eigens zur Vorbeugung und Heilung von Krankheiten oder zur generellen Regeneration konzipiert.<\/p>\n<\/div>\n\n\n\n<div class=\"wp-block-column is-vertically-aligned-center is-layout-flow wp-block-column-is-layout-flow\"><div class=\"wp-block-image ghostkit-custom-mshmS\">\n<figure class=\"aligncenter size-large\"><img loading=\"lazy\" decoding=\"async\" width=\"1024\" height=\"680\" src=\"http:\/\/website.algarveda.com\/wp-content\/uploads\/2022\/06\/time_to_relax-1024x680.jpg\" alt=\"\" class=\"wp-image-359\" srcset=\"https:\/\/algarveda.com\/wp-content\/uploads\/2022\/06\/time_to_relax-1024x680.jpg 1024w, https:\/\/algarveda.com\/wp-content\/uploads\/2022\/06\/time_to_relax-300x199.jpg 300w, https:\/\/algarveda.com\/wp-content\/uploads\/2022\/06\/time_to_relax-768x510.jpg 768w, https:\/\/algarveda.com\/wp-content\/uploads\/2022\/06\/time_to_relax.jpg 1200w\" sizes=\"auto, (max-width: 1024px) 100vw, 1024px\" \/><figcaption class=\"wp-element-caption\">Monte do Olho Branco \u2013 \u00d6kotourismus, Alfambras<\/figcaption><\/figure>\n<\/div>\n\n\n<div class=\"wp-block-buttons is-layout-flex wp-container-core-buttons-is-layout-c07eda73 wp-block-buttons-is-layout-flex\"><\/div>\n<\/div>\n<\/div>\n<\/div><\/div>\n\n\n\n<div class=\"wp-block-group alignwide has-ast-global-color-5-background-color has-background\"><div class=\"wp-block-group__inner-container is-layout-flow wp-block-group-is-layout-flow\">\n<h2 class=\"wp-block-heading has-text-align-center has-neve-link-color-color has-text-color\" id=\"retreats-courses\">Kuren &amp; Kurse<\/h2>\n\n\n\n<div class=\"wp-block-columns is-layout-flex wp-container-core-columns-is-layout-9d6595d7 wp-block-columns-is-layout-flex\">\n<div class=\"wp-block-column is-layout-flow wp-block-column-is-layout-flow\"><div class=\"wp-block-image\">\n<figure class=\"aligncenter size-full\"><img loading=\"lazy\" decoding=\"async\" width=\"626\" height=\"415\" src=\"https:\/\/algarveda.com\/wp-content\/uploads\/2022\/12\/11-Days-Ayurveda-Intensive-Retreat-with-Panchakarma-Elements.jpg\" alt=\"\" class=\"wp-image-4129\" srcset=\"https:\/\/algarveda.com\/wp-content\/uploads\/2022\/12\/11-Days-Ayurveda-Intensive-Retreat-with-Panchakarma-Elements.jpg 626w, https:\/\/algarveda.com\/wp-content\/uploads\/2022\/12\/11-Days-Ayurveda-Intensive-Retreat-with-Panchakarma-Elements-300x199.jpg 300w, https:\/\/algarveda.com\/wp-content\/uploads\/2022\/12\/11-Days-Ayurveda-Intensive-Retreat-with-Panchakarma-Elements-18x12.jpg 18w\" sizes=\"auto, (max-width: 626px) 100vw, 626px\" \/><\/figure>\n<\/div>\n\n\n<div class=\"wp-block-columns alignwide are-vertically-aligned-top ghostkit-custom-1gdV6h is-layout-flex wp-container-core-columns-is-layout-9d6595d7 wp-block-columns-is-layout-flex\">\n<div class=\"wp-block-column is-vertically-aligned-top is-layout-flow wp-block-column-is-layout-flow\">\n<div class=\"wp-block-group\"><div class=\"wp-block-group__inner-container is-layout-flow wp-block-group-is-layout-flow\">\n<h3 class=\"wp-block-heading has-text-align-center has-neve-link-color-color has-text-color\" id=\"11-days-ayurveda-retreat\"><a href=\"https:\/\/algarveda.com\/de\/ayurveda-retreats\/\" title=\"\">11 Tage Ayurveda Kur<\/a><\/h3>\n\n\n\n<p class=\"has-text-align-center has-medium-font-size\"><strong><strong>1st &#8211; 11th of October 2026<\/strong><mark style=\"background-color:rgba(0, 0, 0, 0)\" class=\"has-inline-color has-nv-c-2-color\"><\/mark><\/strong><\/p>\n\n\n\n<p class=\"has-text-align-center has-nv-c-2-color has-text-color has-link-color wp-elements-e7b7c666520cd219704b4adbf6d4a853\"><span style=\"background: var(--nv-c-2);\" class=\"ghostkit-badge\">Ausgebucht<\/span><\/p>\n<\/div><\/div>\n\n\n\n<div class=\"wp-block-buttons is-horizontal is-content-justification-center is-layout-flex wp-container-core-buttons-is-layout-499968f5 wp-block-buttons-is-layout-flex\">\n<div class=\"wp-block-button\"><a class=\"wp-block-button__link has-background wp-element-button\" href=\"https:\/\/algarveda.com\/de\/ayurveda-retreats\/\" style=\"background-color:#d5a512\">Erfahre mehr \u00bb<\/a><\/div>\n<\/div>\n<\/div>\n<\/div>\n<\/div>\n\n\n\n<div class=\"wp-block-column is-layout-flow wp-block-column-is-layout-flow\"><div class=\"wp-block-image\">\n<figure class=\"aligncenter size-full\"><img loading=\"lazy\" decoding=\"async\" width=\"626\" height=\"415\" src=\"https:\/\/algarveda.com\/wp-content\/uploads\/2022\/12\/11-Days-Ayurveda-Intensive-Retreat-with-Panchakarma-Elements.jpg\" alt=\"\" class=\"wp-image-4129\" srcset=\"https:\/\/algarveda.com\/wp-content\/uploads\/2022\/12\/11-Days-Ayurveda-Intensive-Retreat-with-Panchakarma-Elements.jpg 626w, https:\/\/algarveda.com\/wp-content\/uploads\/2022\/12\/11-Days-Ayurveda-Intensive-Retreat-with-Panchakarma-Elements-300x199.jpg 300w, https:\/\/algarveda.com\/wp-content\/uploads\/2022\/12\/11-Days-Ayurveda-Intensive-Retreat-with-Panchakarma-Elements-18x12.jpg 18w\" sizes=\"auto, (max-width: 626px) 100vw, 626px\" \/><\/figure>\n<\/div>\n\n\n<h3 class=\"wp-block-heading has-text-align-center has-neve-link-color-color has-text-color\" id=\"11-days-ayurveda-retreat\"><a href=\"https:\/\/algarveda.com\/de\/ayurveda-retreat-26-at-the-algarve\/\" title=\"Ayurveda Retreat 26 at the Algarve\">11 Tage Ayurveda Kur<\/a><\/h3>\n\n\n\n<p class=\"has-text-align-center has-medium-font-size\"><strong><strong>17th &#8211; 27th of May 202<\/strong>7<mark style=\"background-color:rgba(0, 0, 0, 0)\" class=\"has-inline-color has-nv-c-2-color\"><\/mark><\/strong><\/p>\n\n\n\n<p class=\"has-text-align-center\">11 t\u00e4gige Ayurveda Kur an der Algarve zum Entgiften und Aufladen, zur Vorbeugung oder Heilung von Krankheiten und zur allgemeinen Regeneration.<\/p>\n\n\n\n<div class=\"wp-block-buttons is-content-justification-center is-layout-flex wp-container-core-buttons-is-layout-16018d1d wp-block-buttons-is-layout-flex\">\n<div class=\"wp-block-button is-style-primary\"><a class=\"wp-block-button__link has-text-align-center wp-element-button\" href=\"https:\/\/algarveda.com\/de\/ayurveda-retreat-26-at-the-algarve\/\">Erfahre mehr \u00bb <\/a><\/div>\n<\/div>\n<\/div>\n<\/div>\n\n\n\n<div class=\"wp-block-columns alignwide ghostkit-custom-Z1nhRBb is-layout-flex wp-container-core-columns-is-layout-9d6595d7 wp-block-columns-is-layout-flex\">\n<div class=\"wp-block-column is-layout-flow wp-block-column-is-layout-flow\"><\/div>\n<\/div>\n<\/div><\/div>\n\n\n\n<div class=\"wp-block-cover alignfull is-light has-parallax ghostkit-custom-ZWyS0H\" style=\"min-height:600px;aspect-ratio:unset;\"><div class=\"wp-block-cover__image-background wp-image-563 has-parallax\" style=\"background-position:50% 50%;background-image:url(http:\/\/website.algarveda.com\/wp-content\/uploads\/2022\/06\/waves-of-atlantic-ocean.jpg)\"><\/div><span aria-hidden=\"true\" class=\"wp-block-cover__background has-background-dim\" style=\"background-color:#000000\"><\/span><div class=\"wp-block-cover__inner-container is-layout-flow wp-block-cover-is-layout-flow\">\n<div class=\"wp-block-columns alignwide are-vertically-aligned-center is-layout-flex wp-container-core-columns-is-layout-9d6595d7 wp-block-columns-is-layout-flex\">\n<div class=\"wp-block-column is-vertically-aligned-center is-layout-flow wp-block-column-is-layout-flow\">\n<h2 class=\"wp-block-heading has-text-color\" id=\"yoga-retreat-at-the-algarve\" style=\"color:#ffffff\">Yoga Retreat an der Algarve<\/h2>\n\n\n\n<p class=\"has-nv-text-dark-bg-color has-text-color\">Unsere Panchakarma Yoga Retreats sind f\u00fcr Menschen, die ein Interesse oder die Sehnsucht haben, die Kraft und die Weisheit alten Wissens zu erfahren, \u00fcbersetzt in die Moderne, um wieder in Kontakt mit ihrer wahren Natur zu kommen.<\/p>\n\n\n\n<p><\/p>\n\n\n\n<div class=\"wp-block-buttons is-layout-flex wp-block-buttons-is-layout-flex\">\n<div class=\"wp-block-button\"><a class=\"wp-block-button__link has-background wp-element-button\" href=\"https:\/\/algarveda.com\/de\/ayurveda\/\" style=\"background-color:#d6951182\">Lese mehr<\/a><\/div>\n<\/div>\n<\/div>\n\n\n\n<div class=\"wp-block-column is-vertically-aligned-center is-layout-flow wp-block-column-is-layout-flow\">\n<div class=\"wp-block-buttons is-layout-flex wp-block-buttons-is-layout-flex\"><\/div>\n<\/div>\n<\/div>\n<\/div><\/div>\n\n\n\n<div style=\"height:58px\" aria-hidden=\"true\" class=\"wp-block-spacer\"><\/div>\n\n\n\n<div class=\"wp-block-group alignfull\"><div class=\"wp-block-group__inner-container is-layout-constrained wp-block-group-is-layout-constrained\">\n<h2 class=\"wp-block-heading has-text-align-center has-neve-link-color-color has-text-color\" id=\"what-you-receive-from-us\">What you receive from us<\/h2>\n\n\n\n<div class=\"wp-block-columns alignwide is-layout-flex wp-container-core-columns-is-layout-9d6595d7 wp-block-columns-is-layout-flex\">\n<div class=\"wp-block-column has-ast-global-color-4-background-color has-background is-layout-flow wp-block-column-is-layout-flow\">\n<div class=\"wp-block-group\"><div class=\"wp-block-group__inner-container is-layout-constrained wp-block-group-is-layout-constrained\">\n<h3 class=\"wp-block-heading has-text-align-center has-neve-link-color-color has-text-color\" id=\"professional-care\">Fachm\u00e4nnische Betreuung<\/h3>\n\n\n\n<p class=\"has-text-align-center has-ast-global-color-3-color has-text-color\">Als Spezialisten mit jahre langer Berufserfahrung in der Naturheilkunde wissen wir was wirklich hilft, und worauf es ankommt. Gemeinsam mit unserem komptenten Team zeigen wir dir Schritt-f\u00fcr-Schritt den Weg zu deinem gesundheitlichen Wohlergeben und den Kontakt zu Deiner Intuition.<\/p>\n<\/div><\/div>\n<\/div>\n\n\n\n<div class=\"wp-block-column has-ast-global-color-4-background-color has-background is-layout-flow wp-block-column-is-layout-flow\">\n<div class=\"wp-block-group\"><div class=\"wp-block-group__inner-container is-layout-constrained wp-block-group-is-layout-constrained\">\n<h3 class=\"wp-block-heading has-text-align-center has-neve-link-color-color has-text-color\" id=\"your-symptoms-dissolve\">Deine Beschwerden klingen ab<\/h3>\n\n\n\n<p class=\"has-text-align-center has-ast-global-color-3-color has-text-color\">Heilung ist ein nat\u00fcrlicher Vorgang, der angebahnt werden kann. Wir k\u00f6nnen Dir helfen Dir selbst zu helfen. Wenn Du den Anregungen folgst werden sich deine Beschwerden reduzieren, bzw. wirst Du wissen, was zu tun ist, um dich selbst zu heilen.<\/p>\n<\/div><\/div>\n<\/div>\n\n\n\n<div class=\"wp-block-column has-ast-global-color-4-background-color has-background is-layout-flow wp-block-column-is-layout-flow\">\n<div class=\"wp-block-group\"><div class=\"wp-block-group__inner-container is-layout-constrained wp-block-group-is-layout-constrained\">\n<h3 class=\"wp-block-heading has-text-align-center has-neve-link-color-color has-text-color\" id=\"simple-instructions-for-self-healing\">Einfache Anleitung zur Selbstheilung<\/h3>\n\n\n\n<p class=\"has-text-align-center has-ast-global-color-3-color has-text-color\">Gemeinsam entwickeln wir einen f\u00fcr Dich passenden Plan, den Du einfach umsetzen k\u00f6nnen wirst. Nach der Devise 'Weniger ist mehr' finden wir mit evidenten Methoden den geeigneten Weg f\u00fcr Dich zur Selbstheilung.<\/p>\n<\/div><\/div>\n<\/div>\n<\/div>\n<\/div><\/div>\n\n\n\n<div style=\"height:39px\" aria-hidden=\"true\" class=\"wp-block-spacer\"><\/div>\n\n\n\n<div class=\"wp-block-group alignfull has-white-background-color has-background\"><div class=\"wp-block-group__inner-container is-layout-flow wp-block-group-is-layout-flow\">\n<div class=\"wp-block-columns alignwide are-vertically-aligned-center is-layout-flex wp-container-core-columns-is-layout-9d6595d7 wp-block-columns-is-layout-flex\">\n<div class=\"wp-block-column is-vertically-aligned-center is-layout-flow wp-block-column-is-layout-flow\" style=\"flex-basis:33.33%\">\n<h2 class=\"wp-block-heading has-neve-link-color-color has-text-color\" id=\"algarveda-team\">Algarveda Team<\/h2>\n\n\n\n<p>Das Algarveda Team kommt zusammen und bietet umfassendes Wissen und Erfahrung in den Bereichen Ayurveda, Mind-Body-Medizin und Yoga-Therapie an.<\/p>\n\n\n\n<div class=\"wp-block-buttons is-layout-flex wp-block-buttons-is-layout-flex\">\n<div class=\"wp-block-button\"><a class=\"wp-block-button__link has-background wp-element-button\" href=\"https:\/\/algarveda.com\/de\/team\/\" style=\"background-color:#d5a512\">Lese mehr<\/a><\/div>\n<\/div>\n<\/div>\n\n\n\n<div class=\"wp-block-column is-vertically-aligned-center is-layout-flow wp-block-column-is-layout-flow\" style=\"flex-basis:66.66%\">\n<figure class=\"wp-block-gallery has-nested-images columns-2 wp-block-gallery-1 is-layout-flex wp-block-gallery-is-layout-flex\">\n<figure class=\"wp-block-image size-full\"><img loading=\"lazy\" decoding=\"async\" width=\"346\" height=\"346\" data-id=\"4142\" src=\"https:\/\/algarveda.com\/wp-content\/uploads\/2022\/12\/maria-peres.jpg\" alt=\"\" class=\"wp-image-4142\" srcset=\"https:\/\/algarveda.com\/wp-content\/uploads\/2022\/12\/maria-peres.jpg 346w, https:\/\/algarveda.com\/wp-content\/uploads\/2022\/12\/maria-peres-300x300.jpg 300w, https:\/\/algarveda.com\/wp-content\/uploads\/2022\/12\/maria-peres-150x150.jpg 150w, https:\/\/algarveda.com\/wp-content\/uploads\/2022\/12\/maria-peres-12x12.jpg 12w\" sizes=\"auto, (max-width: 346px) 100vw, 346px\" \/><figcaption class=\"wp-element-caption\">Maria Peres<\/figcaption><\/figure>\n\n\n\n<figure class=\"wp-block-image size-full\"><img loading=\"lazy\" decoding=\"async\" width=\"640\" height=\"640\" data-id=\"2861\" src=\"https:\/\/algarveda.com\/wp-content\/uploads\/2022\/07\/farnaz-profil-1.jpg\" alt=\"\" class=\"wp-image-2861\" srcset=\"https:\/\/algarveda.com\/wp-content\/uploads\/2022\/07\/farnaz-profil-1.jpg 640w, https:\/\/algarveda.com\/wp-content\/uploads\/2022\/07\/farnaz-profil-1-300x300.jpg 300w, https:\/\/algarveda.com\/wp-content\/uploads\/2022\/07\/farnaz-profil-1-150x150.jpg 150w, https:\/\/algarveda.com\/wp-content\/uploads\/2022\/07\/farnaz-profil-1-12x12.jpg 12w\" sizes=\"auto, (max-width: 640px) 100vw, 640px\" \/><figcaption class=\"wp-element-caption\">Dr. med. Farnaz Fahimi<\/figcaption><\/figure>\n\n\n\n<figure class=\"wp-block-image size-full\"><img loading=\"lazy\" decoding=\"async\" width=\"550\" height=\"366\" data-id=\"115\" src=\"https:\/\/algarveda.com\/wp-content\/uploads\/2022\/06\/maria-web.jpg\" alt=\"\" class=\"wp-image-115\" srcset=\"https:\/\/algarveda.com\/wp-content\/uploads\/2022\/06\/maria-web.jpg 550w, https:\/\/algarveda.com\/wp-content\/uploads\/2022\/06\/maria-web-300x200.jpg 300w\" sizes=\"auto, (max-width: 550px) 100vw, 550px\" \/><figcaption class=\"wp-element-caption\">Maria Jo\u00e3o Pinheiro<\/figcaption><\/figure>\n\n\n\n<figure class=\"wp-block-image size-full\"><img loading=\"lazy\" decoding=\"async\" width=\"550\" height=\"365\" data-id=\"3254\" src=\"https:\/\/algarveda.com\/wp-content\/uploads\/2022\/07\/holger-small.jpg\" alt=\"\" class=\"wp-image-3254\" srcset=\"https:\/\/algarveda.com\/wp-content\/uploads\/2022\/07\/holger-small.jpg 550w, https:\/\/algarveda.com\/wp-content\/uploads\/2022\/07\/holger-small-300x199.jpg 300w, https:\/\/algarveda.com\/wp-content\/uploads\/2022\/07\/holger-small-18x12.jpg 18w\" sizes=\"auto, (max-width: 550px) 100vw, 550px\" \/><figcaption class=\"wp-element-caption\">Holger Ernst Brandt, M.Sc<\/figcaption><\/figure>\n<\/figure>\n<\/div>\n<\/div>\n<\/div><\/div>","protected":false},"excerpt":{"rendered":"<p>Ayurveda at the Algarve In the middle of a nature reservation close to Aljezur, Algarveda offers a unique panchakarma, ayurveda-intensive and mind-body-medicine program. Your individual program is designed to prevent or cure diseases and for general regeneration. Retreats &amp; Courses 11 days Ayurveda Retreat 1st &#8211; 11th of October 2026 booked out 11 days Ayurveda&hellip;&nbsp;<a href=\"https:\/\/algarveda.com\/de\/\" class=\"\" rel=\"bookmark\">Weiterlesen &raquo;<span class=\"screen-reader-text\">Ayurveda \u00b7 Naturheilkunde \u00b7 Medizin \u00b7 Algarve<\/span><\/a><\/p>","protected":false},"author":3,"featured_media":0,"parent":0,"menu_order":0,"comment_status":"closed","ping_status":"closed","template":"template-page-builder-no-sidebar.php","meta":{"ghostkit_customizer_options":"","ghostkit_custom_css":"","ghostkit_custom_js_head":"","ghostkit_custom_js_foot":"","ghostkit_typography":"","_mi_skip_tracking":false,"neve_meta_sidebar":"","neve_meta_container":"","neve_meta_enable_content_width":"","neve_meta_content_width":0,"neve_meta_title_alignment":"","neve_meta_author_avatar":"","neve_post_elements_order":"","neve_meta_disable_header":"","neve_meta_disable_footer":"","neve_meta_disable_title":"","footnotes":""},"class_list":["post-22","page","type-page","status-publish","hentry"],"aioseo_notices":[],"_links":{"self":[{"href":"https:\/\/algarveda.com\/de\/wp-json\/wp\/v2\/pages\/22","targetHints":{"allow":["GET"]}}],"collection":[{"href":"https:\/\/algarveda.com\/de\/wp-json\/wp\/v2\/pages"}],"about":[{"href":"https:\/\/algarveda.com\/de\/wp-json\/wp\/v2\/types\/page"}],"author":[{"embeddable":true,"href":"https:\/\/algarveda.com\/de\/wp-json\/wp\/v2\/users\/3"}],"replies":[{"embeddable":true,"href":"https:\/\/algarveda.com\/de\/wp-json\/wp\/v2\/comments?post=22"}],"version-history":[{"count":10,"href":"https:\/\/algarveda.com\/de\/wp-json\/wp\/v2\/pages\/22\/revisions"}],"predecessor-version":[{"id":21662,"href":"https:\/\/algarveda.com\/de\/wp-json\/wp\/v2\/pages\/22\/revisions\/21662"}],"wp:attachment":[{"href":"https:\/\/algarveda.com\/de\/wp-json\/wp\/v2\/media?parent=22"}],"curies":[{"name":"wp","href":"https:\/\/api.w.org\/{rel}","templated":true}]}}