{"id":199,"date":"2022-06-09T16:27:21","date_gmt":"2022-06-09T14:27:21","guid":{"rendered":"https:\/\/website.algarveda.com\/?page_id=199"},"modified":"2025-03-25T08:11:32","modified_gmt":"2025-03-25T08:11:32","slug":"team","status":"publish","type":"page","link":"https:\/\/algarveda.com\/de\/team\/","title":{"rendered":"Team"},"content":{"rendered":"<div class=\"wp-block-cover alignfull\" style=\"min-height:600px;aspect-ratio:unset;\"><span aria-hidden=\"true\" class=\"wp-block-cover__background has-background-dim-100 has-background-dim wp-block-cover__gradient-background has-background-gradient\" style=\"background:linear-gradient(180deg,rgba(222,153,69,0.65) 0%,rgba(255,255,255,0) 62%,rgb(255,255,255) 100%)\"><\/span><img loading=\"lazy\" decoding=\"async\" width=\"979\" height=\"652\" class=\"wp-block-cover__image-background wp-image-4134\" alt=\"\" src=\"https:\/\/algarveda.com\/wp-content\/uploads\/2022\/12\/silhouette-young-woman.jpg\" style=\"object-position:51% 0%\" data-object-fit=\"cover\" data-object-position=\"51% 0%\" srcset=\"https:\/\/algarveda.com\/wp-content\/uploads\/2022\/12\/silhouette-young-woman.jpg 979w, https:\/\/algarveda.com\/wp-content\/uploads\/2022\/12\/silhouette-young-woman-300x200.jpg 300w, https:\/\/algarveda.com\/wp-content\/uploads\/2022\/12\/silhouette-young-woman-768x511.jpg 768w, https:\/\/algarveda.com\/wp-content\/uploads\/2022\/12\/silhouette-young-woman-18x12.jpg 18w, https:\/\/algarveda.com\/wp-content\/uploads\/2022\/12\/silhouette-young-woman-930x620.jpg 930w\" sizes=\"auto, (max-width: 979px) 100vw, 979px\" \/><div class=\"wp-block-cover__inner-container is-layout-flow wp-block-cover-is-layout-flow\">\n<h2 class=\"wp-block-heading has-text-align-center h2_text_shadow has-nv-site-bg-color has-text-color\" id=\"who-we-are\">Wer wir sind<\/h2>\n<\/div><\/div>\n\n\n\n<div class=\"wp-block-group alignfull has-white-background-color has-background\"><div class=\"wp-block-group__inner-container is-layout-flow wp-block-group-is-layout-flow\"><\/div><\/div>\n\n\n\n<div class=\"wp-block-group alignfull has-ast-global-color-4-background-color has-background\"><div class=\"wp-block-group__inner-container is-layout-flow wp-block-group-is-layout-flow\">\n<h3 class=\"wp-block-heading alignwide\" id=\"maria-peres\">Maria Peres<\/h3>\n\n\n\n<div class=\"wp-block-columns alignwide is-layout-flex wp-container-core-columns-is-layout-9d6595d7 wp-block-columns-is-layout-flex\">\n<div class=\"wp-block-column is-layout-flow wp-block-column-is-layout-flow\">\n<p>Maria studierte bei Dr. Hitesh Chaudari und Dr. Shweta Chaudari in der Satvam Clinic, Nasik, und bei Dr. Sundara, Mountain Top Clinic.<\/p>\n\n\n\n<p>Sie ist Seelen-Therapeutin, praktiziert ayurvedische Medizin und nat\u00fcrliche Gyn\u00e4kologie und studiert kontinuierlich die Alchemie der Pflanzen, um ihre eigenen Heilmittel zur Unterst\u00fctzung der Frauen, mit denen sie arbeitet, herzustellen. Sie m\u00f6chte andere Frauen inspirieren und sie daran erinnern, wie wichtig es ist, in gr\u00f6\u00dferem Respekt zu leben, sich mit der Erde und allen Lebewesen, die sie bewohnen, zu verbinden und in Wahrheit mit unserer eigenen Stimme zu gehen.<br><br>Sie bietet Kurse, Programme, Retreats und Einzelsitzungen zu den Themen Selbsterfahrung, Bewusstsein f\u00fcr den Menstruationszyklus und ayurvedische Ern\u00e4hrung an.<\/p>\n<\/div>\n\n\n\n<div class=\"wp-block-column is-layout-flow wp-block-column-is-layout-flow\"><div class=\"wp-block-image\">\n<figure class=\"alignright size-full\"><img loading=\"lazy\" decoding=\"async\" width=\"430\" height=\"343\" src=\"https:\/\/algarveda.com\/wp-content\/uploads\/2022\/12\/maria-peres-square.jpg\" alt=\"\" class=\"wp-image-4173\" srcset=\"https:\/\/algarveda.com\/wp-content\/uploads\/2022\/12\/maria-peres-square.jpg 430w, https:\/\/algarveda.com\/wp-content\/uploads\/2022\/12\/maria-peres-square-300x239.jpg 300w, https:\/\/algarveda.com\/wp-content\/uploads\/2022\/12\/maria-peres-square-15x12.jpg 15w\" sizes=\"auto, (max-width: 430px) 100vw, 430px\" \/><\/figure>\n<\/div><\/div>\n<\/div>\n\n\n\n<h3 class=\"wp-block-heading alignwide\" id=\"dr-farnaz-fahimi-md\">Dr. med. Farnaz Fahimi<\/h3>\n\n\n\n<div class=\"wp-block-columns alignwide is-layout-flex wp-container-core-columns-is-layout-9d6595d7 wp-block-columns-is-layout-flex\">\n<div class=\"wp-block-column is-layout-flow wp-block-column-is-layout-flow\">\n<p class=\" translation-block\">Dr. Farnaz Fahimi hat neben verschiedenen Publikationen und ihrer Doktorarbeit auch ihre Facharztausbildung im Bereich der Naturheilkunde abgeschlossen, zudem ist sie Fach\u00e4rztin f\u00fcr Hals-Nasen-Ohren-Heilkunde.<br>\nSie verf\u00fcgt \u00fcber 12 Jahre praktische und klinische Erfahrung als Fach\u00e4rztin an universit\u00e4ren Einrichtungen in Berlin und Essen. F\u00fcr Dr. Fahimi war es schon immer wichtig, dass Patienten in ihrer Ganzheit wahrgenommen werden. Darum hat sie bereits berufsbegleitend ein Ayurveda-Studium absolviert. Sie vertiefte ihr Wissen zus\u00e4tzlich in der Mind-Body Medizin, war Dozentin an einer Ayurveda Schule (Sonne&amp;Mond) und Vorstandsmitglied der Deutschen \u00c4rztegesellschaft f\u00fcr Ayurveda-Medizin (D\u00c4GAM). In ihren eigenen Worten: \u00abEs ist mir ein grosses Anliegen, Patienten in ihrer Eigenart individuell zu behandeln und ihnen Werkzeuge in die Hand zu geben, die es erm\u00f6glichen nachhaltig gesund zu bleiben.<\/p>\n\n\n\n<p>Derzeit arbeitet sie als Fach\u00e4rztin am Kantonsspital St. Gallen in der Schweiz und ist saisonweise an der Algarve, wo sie ayurvedische Panchakarma-Retreats anbietet und ihr Wissen als Lehrerin an andere Gesundheitsexperten weitergibt.<\/p>\n\n\n\n<p>Neben ihrer T\u00e4tigkeit als \u00c4rztin teilt sie ihre Liebe zur Musik, indem sie Mantra-Singkreise veranstaltet und Musik mischt <a href=\"http:\/\/www.soundcloud.com\/fenomenaas\" target=\"_blank\" rel=\"noopener\">(soundcloud.com\/fenomenaas)<\/a> und genie\u00dft das Leben auf dem Lande.<\/p>\n\n\n\n<p><\/p>\n<\/div>\n\n\n\n<div class=\"wp-block-column is-layout-flow wp-block-column-is-layout-flow\"><div class=\"wp-block-image\">\n<figure class=\"alignright size-full\"><img loading=\"lazy\" decoding=\"async\" width=\"550\" height=\"365\" src=\"https:\/\/algarveda.com\/wp-content\/uploads\/2022\/07\/farnaz-small.jpg\" alt=\"\" class=\"wp-image-3256\" srcset=\"https:\/\/algarveda.com\/wp-content\/uploads\/2022\/07\/farnaz-small.jpg 550w, https:\/\/algarveda.com\/wp-content\/uploads\/2022\/07\/farnaz-small-300x199.jpg 300w, https:\/\/algarveda.com\/wp-content\/uploads\/2022\/07\/farnaz-small-18x12.jpg 18w\" sizes=\"auto, (max-width: 550px) 100vw, 550px\" \/><\/figure>\n<\/div><\/div>\n<\/div>\n\n\n\n<h3 class=\"wp-block-heading alignwide\" id=\"holger-ernst-brandt-m-sc\">Holger Ernst Brandt, M.Sc.<\/h3>\n\n\n\n<div class=\"wp-block-columns alignwide is-layout-flex wp-container-core-columns-is-layout-9d6595d7 wp-block-columns-is-layout-flex\">\n<div class=\"wp-block-column is-layout-flow wp-block-column-is-layout-flow\">\n<p>Holger ist seit seiner Jugend leidenschaftlicher G\u00e4rtner und Musiker. W\u00e4hrend seines Bachelorstudiums der Gartenbauwissenschaften an der Humboldt-Universit\u00e4t besch\u00e4ftigte er sich intensiv mit dem Bereich der ganzheitlichen Lebenswissenschaften. Dabei kam er in Kontakt mit Agnihotra - einem uralten Feuerritual aus den vedischen Schriften. Inspiriert von Dr. med. Ulrich Mohr, erschloss er sich die Wissenschaft der Einfachheit und meisterte das Verst\u00e4ndnis der K\u00f6rper-Geist Beziehung zur Pers\u00f6nlichkeitsentwicklung.<\/p>\n\n\n\n<p>Durch seine Lebenserfahrungen wurde er nach und nach immer unzufriedener mit seiner Rolle in der Gesellschaft. Infolgedessen hat er sich auf nat\u00fcrliche Weise zu einer authentischeren und einfacheren Lebensweise hinbewegt.&nbsp;<\/p>\n\n\n\n<p>Jetzt hilft er Menschen, die von \u00c4ngsten und Selbstzweifeln betroffen sind, ihre seelische Bestimmung durch Mind-Body-Coaching, Unternehmensberatung und Marketing zu finden. Er sucht ein Leben auf einem kleinen Bauernhof, wo er sein Wissen \u00fcber biologischen Gartenbau anwenden kann, w\u00e4hrend er gleichzeitig Vater und Mind-Body-Coach ist (<a href=\"https:\/\/www.leben-mit-sinn.algarveda.com\" target=\"_blank\" rel=\"noreferrer noopener\">LifeScience &amp; Spiritual Coaching<\/a>).<\/p>\n<\/div>\n\n\n\n<div class=\"wp-block-column is-layout-flow wp-block-column-is-layout-flow\"><div class=\"wp-block-image\">\n<figure class=\"alignright size-full\"><img loading=\"lazy\" decoding=\"async\" width=\"550\" height=\"365\" src=\"https:\/\/algarveda.com\/wp-content\/uploads\/2022\/07\/holger-small.jpg\" alt=\"\" class=\"wp-image-3254\" srcset=\"https:\/\/algarveda.com\/wp-content\/uploads\/2022\/07\/holger-small.jpg 550w, https:\/\/algarveda.com\/wp-content\/uploads\/2022\/07\/holger-small-300x199.jpg 300w, https:\/\/algarveda.com\/wp-content\/uploads\/2022\/07\/holger-small-18x12.jpg 18w\" sizes=\"auto, (max-width: 550px) 100vw, 550px\" \/><\/figure>\n<\/div><\/div>\n<\/div>\n<\/div><\/div>\n\n\n\n<h3 class=\"wp-block-heading alignwide\" id=\"maria-joao-pinheiro\">Maria Jo\u00e3o Pinheiro<\/h3>\n\n\n\n<div class=\"wp-block-columns alignwide is-layout-flex wp-container-core-columns-is-layout-9d6595d7 wp-block-columns-is-layout-flex\">\n<div class=\"wp-block-column is-layout-flow wp-block-column-is-layout-flow\">\n<p>Maria hat allgemeine Massage, Sport- und Physiotherapie-Assistentin bei Feelgood in Lissabon gelernt. Daneben vertiefte sie ihr Wissen \u00fcber Ayurveda in diversen Workshops an der Algarve.<\/p>\n\n\n\n<p>5 Jahre lang hat sie in verschiedenen Spas und Kliniken in Portugal und Spanien gearbeitet.<\/p>\n\n\n\n<p>In den letzten Jahren hatte sie begonnen, im ayurvedischen Algarveda-Zentrum in Portugal Panchakarma-Methoden zu erlernen und zu praktizieren und sich mehr darauf zu konzentrieren.<\/p>\n<\/div>\n\n\n\n<div class=\"wp-block-column is-layout-flow wp-block-column-is-layout-flow\">\n<figure class=\"wp-block-image size-full\"><img loading=\"lazy\" decoding=\"async\" width=\"550\" height=\"366\" src=\"https:\/\/algarveda.com\/wp-content\/uploads\/2022\/07\/maria-web.jpg\" alt=\"\" class=\"wp-image-3240\" srcset=\"https:\/\/algarveda.com\/wp-content\/uploads\/2022\/07\/maria-web.jpg 550w, https:\/\/algarveda.com\/wp-content\/uploads\/2022\/07\/maria-web-300x200.jpg 300w, https:\/\/algarveda.com\/wp-content\/uploads\/2022\/07\/maria-web-18x12.jpg 18w\" sizes=\"auto, (max-width: 550px) 100vw, 550px\" \/><\/figure>\n<\/div>\n<\/div>\n\n\n\n<h3 class=\"wp-block-heading alignwide\" id=\"pavel-singh-dhaliwal\">Pavel Singh Dhaliwal<\/h3>\n\n\n\n<div class=\"wp-block-columns alignwide is-layout-flex wp-container-core-columns-is-layout-9d6595d7 wp-block-columns-is-layout-flex\">\n<div class=\"wp-block-column is-layout-flow wp-block-column-is-layout-flow\">\n<p>Pavel Singh Dhaliwal ist ein leidenschaftlicher ayurvedischer Heiler und Yoga Lehrer. Er hat verschiedene Methoden der ganzheitlichen Medizin bei Dr. Lata im ayurvedischen und energetischen Heilzentrum in Punjab, Indien, gelernt.<\/p>\n\n\n\n<p>Er praktiziert seit 5 Jahren als Manualtherapeut und konzentriert sich auf die Marma-Punkt- und Reflexiologie-Therapie.<\/p>\n\n\n\n<p>Mit seinem nat\u00fcrlichen Wissen und seinem Einf\u00fchlungsverm\u00f6gen ist er als Allround-Talent ein wichtiger Teil des Algarveda-Teams, und k\u00fcmmert sich um unsere Besucher.<\/p>\n<\/div>\n\n\n\n<div class=\"wp-block-column is-layout-flow wp-block-column-is-layout-flow\">\n<figure class=\"wp-block-image size-full\"><img loading=\"lazy\" decoding=\"async\" width=\"550\" height=\"365\" src=\"https:\/\/algarveda.com\/wp-content\/uploads\/2022\/07\/Pavel-white-small.jpg\" alt=\"\" class=\"wp-image-3242\" srcset=\"https:\/\/algarveda.com\/wp-content\/uploads\/2022\/07\/Pavel-white-small.jpg 550w, https:\/\/algarveda.com\/wp-content\/uploads\/2022\/07\/Pavel-white-small-300x199.jpg 300w, https:\/\/algarveda.com\/wp-content\/uploads\/2022\/07\/Pavel-white-small-18x12.jpg 18w\" sizes=\"auto, (max-width: 550px) 100vw, 550px\" \/><\/figure>\n<\/div>\n<\/div>\n\n\n\n<h3 class=\"wp-block-heading alignwide\" id=\"rebeca-lobillo-sanchez\">Rebeca Lobillo Sanchez<\/h3>\n\n\n\n<div class=\"wp-block-columns alignwide is-layout-flex wp-container-core-columns-is-layout-9d6595d7 wp-block-columns-is-layout-flex\">\n<div class=\"wp-block-column is-layout-flow wp-block-column-is-layout-flow\">\n<p>Rebecca absolvierte im Alter von 15 Jahren eine Shiatsu-Ausbildung an der European School of Shiatsu.<\/p>\n\n\n\n<p class=\" translation-block\">Sie absolvierte das erste Jahr der Traditionellen Chinesischen Medizin in Madrid 2006-07.<br>Von 2007 bis 2008 absolvierte sie gleichzeitig mehrere Ausbildungen an der VIDAKINE-Schule in Barcelona: Akupunktur, Kinesiologie, Fu\u00dfreflexzonenmassage, RESET-Instruktorin (Methode zur L\u00f6sung von Spannungen im Kiefergelenk).<br>In Sevilla wurde sie von 2008-2009 in Chiromassage an der Schule INSTITUTO KIROS ausgebildet. Danach arbeitete sie 7 Jahre lang als Beraterin und Managerin in einem Therapiezentrum.<\/p>\n\n\n\n<p>In den letzten Jahren hatte sie begonnen, im ayurvedischen Algarveda-Zentrum in Portugal Panchakarma-Methoden zu erlernen und zu praktizieren und sich mehr darauf zu konzentrieren.<\/p>\n<\/div>\n\n\n\n<div class=\"wp-block-column is-layout-flow wp-block-column-is-layout-flow\">\n<figure class=\"wp-block-image size-full\"><img loading=\"lazy\" decoding=\"async\" width=\"381\" height=\"286\" src=\"https:\/\/algarveda.com\/wp-content\/uploads\/2022\/12\/rebecca-zoom-in1.jpg\" alt=\"\" class=\"wp-image-4175\" srcset=\"https:\/\/algarveda.com\/wp-content\/uploads\/2022\/12\/rebecca-zoom-in1.jpg 381w, https:\/\/algarveda.com\/wp-content\/uploads\/2022\/12\/rebecca-zoom-in1-300x225.jpg 300w, https:\/\/algarveda.com\/wp-content\/uploads\/2022\/12\/rebecca-zoom-in1-16x12.jpg 16w\" sizes=\"auto, (max-width: 381px) 100vw, 381px\" \/><\/figure>\n<\/div>\n<\/div>\n\n\n\n<h2 class=\"wp-block-heading\" id=\"hosts-at-olho-branco\">Hosts at Olho Branco<\/h2>\n\n\n\n<h3 class=\"wp-block-heading\" id=\"fernando-eva\">Fernando &amp; Eva<\/h3>\n\n\n\n<div class=\"wp-block-columns is-layout-flex wp-container-core-columns-is-layout-9d6595d7 wp-block-columns-is-layout-flex\">\n<div class=\"wp-block-column is-layout-flow wp-block-column-is-layout-flow\">\n<p>Eva und Fernando, die Besitzer des sch\u00f6nen Bauernhofs Olho Branco, sind Gastgeber der Algarveda-Retreats.<\/p>\n\n\n\n<p>W\u00e4hrend Deines Aufenthalts bei uns sorgt Fernando daf\u00fcr, dass Du alles hast, was Du brauchst. Er ist der Mann des Gartens und bereitet unsere k\u00f6stlichen hausgemachten, regionalen und biologischen Gerichte aus dem frisch geernteten Erzeugnissen aus dem Garten zu.<\/p>\n\n\n\n<p>Eva leitet unsere Kr\u00e4uterworkshops und kennt die Heilpflanzen und Kr\u00e4uter der Algarve.<\/p>\n<\/div>\n\n\n\n<div class=\"wp-block-column is-layout-flow wp-block-column-is-layout-flow\">\n<figure class=\"wp-block-image size-full\"><img loading=\"lazy\" decoding=\"async\" width=\"512\" height=\"385\" src=\"https:\/\/algarveda.com\/wp-content\/uploads\/2022\/12\/fernandoandfamily-small.jpg\" alt=\"\" class=\"wp-image-4302\" srcset=\"https:\/\/algarveda.com\/wp-content\/uploads\/2022\/12\/fernandoandfamily-small.jpg 512w, https:\/\/algarveda.com\/wp-content\/uploads\/2022\/12\/fernandoandfamily-small-300x226.jpg 300w, https:\/\/algarveda.com\/wp-content\/uploads\/2022\/12\/fernandoandfamily-small-16x12.jpg 16w\" sizes=\"auto, (max-width: 512px) 100vw, 512px\" \/><\/figure>\n<\/div>\n<\/div>","protected":false},"excerpt":{"rendered":"<p>Maria Peres Maria studied with Dr. Hitesh Chaudari &amp; Dr. Shweta Chaudari at Satvam Clinic, Nasik. and Dr. Sundara, Mountain Top Clinic. She is a therapist of the soul, a practitioner of Ayurvedic medicine, natural gynaecology, also in constant study of the alchemy of plants to make her own remedies to support the women she&hellip;&nbsp;<a href=\"https:\/\/algarveda.com\/de\/team\/\" class=\"\" rel=\"bookmark\">Weiterlesen &raquo;<span class=\"screen-reader-text\">Team<\/span><\/a><\/p>","protected":false},"author":3,"featured_media":0,"parent":0,"menu_order":0,"comment_status":"closed","ping_status":"closed","template":"template-page-builder-no-sidebar.php","meta":{"ghostkit_customizer_options":"","ghostkit_custom_css":"","ghostkit_custom_js_head":"","ghostkit_custom_js_foot":"","ghostkit_typography":"","_mi_skip_tracking":false,"neve_meta_sidebar":"","neve_meta_container":"","neve_meta_enable_content_width":"","neve_meta_content_width":0,"neve_meta_title_alignment":"","neve_meta_author_avatar":"","neve_post_elements_order":"","neve_meta_disable_header":"","neve_meta_disable_footer":"","neve_meta_disable_title":"","footnotes":""},"class_list":["post-199","page","type-page","status-publish","hentry"],"aioseo_notices":[],"_links":{"self":[{"href":"https:\/\/algarveda.com\/de\/wp-json\/wp\/v2\/pages\/199","targetHints":{"allow":["GET"]}}],"collection":[{"href":"https:\/\/algarveda.com\/de\/wp-json\/wp\/v2\/pages"}],"about":[{"href":"https:\/\/algarveda.com\/de\/wp-json\/wp\/v2\/types\/page"}],"author":[{"embeddable":true,"href":"https:\/\/algarveda.com\/de\/wp-json\/wp\/v2\/users\/3"}],"replies":[{"embeddable":true,"href":"https:\/\/algarveda.com\/de\/wp-json\/wp\/v2\/comments?post=199"}],"version-history":[{"count":10,"href":"https:\/\/algarveda.com\/de\/wp-json\/wp\/v2\/pages\/199\/revisions"}],"predecessor-version":[{"id":5929,"href":"https:\/\/algarveda.com\/de\/wp-json\/wp\/v2\/pages\/199\/revisions\/5929"}],"wp:attachment":[{"href":"https:\/\/algarveda.com\/de\/wp-json\/wp\/v2\/media?parent=199"}],"curies":[{"name":"wp","href":"https:\/\/api.w.org\/{rel}","templated":true}]}}